{"id":935,"date":"2026-04-22T15:57:23","date_gmt":"2026-04-22T15:57:23","guid":{"rendered":"https:\/\/catequesisdelbuenpastormexico.org\/usa\/?post_type=product&#038;p=935"},"modified":"2026-04-22T16:06:08","modified_gmt":"2026-04-22T16:06:08","slug":"el-buen-pastor-y-el-nino","status":"publish","type":"product","link":"https:\/\/catequesisdelbuenpastormexico.org\/usa\/product\/el-buen-pastor-y-el-nino\/","title":{"rendered":"El Buen Pastor y el ni\u00f1o"},"content":{"rendered":"<p class=\"p1\"><span class=\"s1\">El Buen Pastor y el ni\u00f1o: <\/span>El Buen Pastor y el ni\u00f1o ofrece a los padres y educadores una manera gentil de entrar y honrar la vida espiritual aut\u00e9ntica de los ni\u00f1os. El mensaje constante de este libro es que la apertura natural de los ni\u00f1os y el asombro ante la presencia de Dios puede nutrirse con adultos que se preocupan por ellos, que los escuchan, oran y caminan con ellos en la fe. Al escuchar y aprender con el coraz\u00f3n sobre la historia y la imagen del Buen Pastor, los ni\u00f1os pueden ser guiados al gozo de la Buena Nueva. De esta simple par\u00e1bola y su mensaje del amor inagotable de Jes\u00fas por ellos, los ni\u00f1os aprenden c\u00f3mo el amor incondicional de Dios es parte de su mundo: en la familia, en la escuela y en la Iglesia.<\/p>\n","protected":false},"excerpt":{"rendered":"<p>El Buen Pastor y el ni\u00f1o: El Buen Pastor y el ni\u00f1o ofrece a los padres y educadores una manera gentil de entrar y honrar la vida espiritual aut\u00e9ntica de los ni\u00f1os. El mensaje constante de este libro es que la apertura natural de los ni\u00f1os y el asombro ante la presencia de Dios puede [&hellip;]<\/p>\n","protected":false},"featured_media":936,"comment_status":"open","ping_status":"closed","template":"","meta":[],"product_brand":[],"product_cat":[20],"product_tag":[],"class_list":{"0":"post-935","1":"product","2":"type-product","3":"status-publish","4":"has-post-thumbnail","6":"product_cat-uncategorized","8":"first","9":"instock","10":"shipping-taxable","11":"purchasable","12":"product-type-simple"},"_links":{"self":[{"href":"https:\/\/catequesisdelbuenpastormexico.org\/usa\/wp-json\/wp\/v2\/product\/935","targetHints":{"allow":["GET"]}}],"collection":[{"href":"https:\/\/catequesisdelbuenpastormexico.org\/usa\/wp-json\/wp\/v2\/product"}],"about":[{"href":"https:\/\/catequesisdelbuenpastormexico.org\/usa\/wp-json\/wp\/v2\/types\/product"}],"replies":[{"embeddable":true,"href":"https:\/\/catequesisdelbuenpastormexico.org\/usa\/wp-json\/wp\/v2\/comments?post=935"}],"wp:featuredmedia":[{"embeddable":true,"href":"https:\/\/catequesisdelbuenpastormexico.org\/usa\/wp-json\/wp\/v2\/media\/936"}],"wp:attachment":[{"href":"https:\/\/catequesisdelbuenpastormexico.org\/usa\/wp-json\/wp\/v2\/media?parent=935"}],"wp:term":[{"taxonomy":"product_brand","embeddable":true,"href":"https:\/\/catequesisdelbuenpastormexico.org\/usa\/wp-json\/wp\/v2\/product_brand?post=935"},{"taxonomy":"product_cat","embeddable":true,"href":"https:\/\/catequesisdelbuenpastormexico.org\/usa\/wp-json\/wp\/v2\/product_cat?post=935"},{"taxonomy":"product_tag","embeddable":true,"href":"https:\/\/catequesisdelbuenpastormexico.org\/usa\/wp-json\/wp\/v2\/product_tag?post=935"}],"curies":[{"name":"wp","href":"https:\/\/api.w.org\/{rel}","templated":true}]}}