{"id":871,"date":"2026-03-26T15:26:22","date_gmt":"2026-03-26T15:26:22","guid":{"rendered":"https:\/\/catequesisdelbuenpastormexico.org\/usa\/?post_type=product&#038;p=871"},"modified":"2026-04-21T19:36:01","modified_gmt":"2026-04-21T19:36:01","slug":"antologia-2","status":"publish","type":"product","link":"https:\/\/catequesisdelbuenpastormexico.org\/usa\/product\/antologia-2\/","title":{"rendered":"Antolog\u00eda 2"},"content":{"rendered":"<p class=\"p1\"><span class=\"s1\">Antolog\u00edas 1 y 2: <\/span>son un tesoro que presenta una compilaci\u00f3n muy valiosa de documentos, conferencias y cursos que han nutrido la Catequesis del Buen Pastor a lo largo de los a\u00f1os. Cada tema brinda una visi\u00f3n profunda y amplia sobre aspectos esenciales y pr\u00e1cticos de la catequesis, una perspectiva \u00fanica y enriquecedora que facilita el entendimiento de esta metodolog\u00eda tanto para catequistas como para familias interesadas en la formaci\u00f3n espiritual de los ni\u00f1os en este enfoque<span class=\"s2\"> educativo religioso. <\/span>Son temas que, desde su profundidad, nos ayudan a guiar a los ni\u00f1os en un camino espiritual lleno de gozo y alegr\u00eda<span class=\"s3\">.<\/span><\/p>\n","protected":false},"excerpt":{"rendered":"<p>Antolog\u00edas 1 y 2: son un tesoro que presenta una compilaci\u00f3n muy valiosa de documentos, conferencias y cursos que han nutrido la Catequesis del Buen Pastor a lo largo de los a\u00f1os. Cada tema brinda una visi\u00f3n profunda y amplia sobre aspectos esenciales y pr\u00e1cticos de la catequesis, una perspectiva \u00fanica y enriquecedora que facilita [&hellip;]<\/p>\n","protected":false},"featured_media":895,"comment_status":"open","ping_status":"closed","template":"","meta":[],"product_brand":[],"product_cat":[20],"product_tag":[],"class_list":{"0":"post-871","1":"product","2":"type-product","3":"status-publish","4":"has-post-thumbnail","6":"product_cat-uncategorized","8":"first","9":"instock","10":"shipping-taxable","11":"purchasable","12":"product-type-simple"},"_links":{"self":[{"href":"https:\/\/catequesisdelbuenpastormexico.org\/usa\/wp-json\/wp\/v2\/product\/871","targetHints":{"allow":["GET"]}}],"collection":[{"href":"https:\/\/catequesisdelbuenpastormexico.org\/usa\/wp-json\/wp\/v2\/product"}],"about":[{"href":"https:\/\/catequesisdelbuenpastormexico.org\/usa\/wp-json\/wp\/v2\/types\/product"}],"replies":[{"embeddable":true,"href":"https:\/\/catequesisdelbuenpastormexico.org\/usa\/wp-json\/wp\/v2\/comments?post=871"}],"wp:featuredmedia":[{"embeddable":true,"href":"https:\/\/catequesisdelbuenpastormexico.org\/usa\/wp-json\/wp\/v2\/media\/895"}],"wp:attachment":[{"href":"https:\/\/catequesisdelbuenpastormexico.org\/usa\/wp-json\/wp\/v2\/media?parent=871"}],"wp:term":[{"taxonomy":"product_brand","embeddable":true,"href":"https:\/\/catequesisdelbuenpastormexico.org\/usa\/wp-json\/wp\/v2\/product_brand?post=871"},{"taxonomy":"product_cat","embeddable":true,"href":"https:\/\/catequesisdelbuenpastormexico.org\/usa\/wp-json\/wp\/v2\/product_cat?post=871"},{"taxonomy":"product_tag","embeddable":true,"href":"https:\/\/catequesisdelbuenpastormexico.org\/usa\/wp-json\/wp\/v2\/product_tag?post=871"}],"curies":[{"name":"wp","href":"https:\/\/api.w.org\/{rel}","templated":true}]}}