{"id":856,"date":"2026-02-12T16:35:28","date_gmt":"2026-02-12T16:35:28","guid":{"rendered":"https:\/\/catequesisdelbuenpastormexico.org\/usa\/?post_type=product&#038;p=856"},"modified":"2026-04-14T17:25:58","modified_gmt":"2026-04-14T17:25:58","slug":"potencial-religioso-del-nino-descripcion-de-una-experiencia-con-ninos-de-3-a-6-anos","status":"publish","type":"product","link":"https:\/\/catequesisdelbuenpastormexico.org\/usa\/product\/potencial-religioso-del-nino-descripcion-de-una-experiencia-con-ninos-de-3-a-6-anos\/","title":{"rendered":"Potencial Religioso del Ni\u00f1o. Descripci\u00f3n de una experiencia con ni\u00f1os de 3 a 6 a\u00f1os"},"content":{"rendered":"","protected":false},"excerpt":{"rendered":"<p>Este libro es una continuaci\u00f3n del anterior. La Dra. Sof\u00eda Cavalletti relata su vasta experiencia con ni\u00f1os de diferentes culturas y entornos, y describe c\u00f3mo los ni\u00f1os de esta edad tienen nuevas capacidades y exigencias religiosas en un movimiento del esp\u00edritu que parece ir m\u00e1s profundo, ampliando su horizonte.<\/p>\n","protected":false},"featured_media":877,"comment_status":"open","ping_status":"closed","template":"","meta":[],"product_brand":[],"product_cat":[26],"product_tag":[],"class_list":{"0":"post-856","1":"product","2":"type-product","3":"status-publish","4":"has-post-thumbnail","6":"product_cat-usa","8":"first","9":"instock","10":"shipping-taxable","11":"purchasable","12":"product-type-simple"},"_links":{"self":[{"href":"https:\/\/catequesisdelbuenpastormexico.org\/usa\/wp-json\/wp\/v2\/product\/856","targetHints":{"allow":["GET"]}}],"collection":[{"href":"https:\/\/catequesisdelbuenpastormexico.org\/usa\/wp-json\/wp\/v2\/product"}],"about":[{"href":"https:\/\/catequesisdelbuenpastormexico.org\/usa\/wp-json\/wp\/v2\/types\/product"}],"replies":[{"embeddable":true,"href":"https:\/\/catequesisdelbuenpastormexico.org\/usa\/wp-json\/wp\/v2\/comments?post=856"}],"wp:featuredmedia":[{"embeddable":true,"href":"https:\/\/catequesisdelbuenpastormexico.org\/usa\/wp-json\/wp\/v2\/media\/877"}],"wp:attachment":[{"href":"https:\/\/catequesisdelbuenpastormexico.org\/usa\/wp-json\/wp\/v2\/media?parent=856"}],"wp:term":[{"taxonomy":"product_brand","embeddable":true,"href":"https:\/\/catequesisdelbuenpastormexico.org\/usa\/wp-json\/wp\/v2\/product_brand?post=856"},{"taxonomy":"product_cat","embeddable":true,"href":"https:\/\/catequesisdelbuenpastormexico.org\/usa\/wp-json\/wp\/v2\/product_cat?post=856"},{"taxonomy":"product_tag","embeddable":true,"href":"https:\/\/catequesisdelbuenpastormexico.org\/usa\/wp-json\/wp\/v2\/product_tag?post=856"}],"curies":[{"name":"wp","href":"https:\/\/api.w.org\/{rel}","templated":true}]}}