{"id":639,"date":"2026-03-17T17:15:11","date_gmt":"2026-03-17T17:15:11","guid":{"rendered":"https:\/\/catequesisdelbuenpastormexico.org\/usa\/?post_type=product&#038;p=639"},"modified":"2026-04-14T17:23:40","modified_gmt":"2026-04-14T17:23:40","slug":"yo-soy-el-buen-pastor-album-3-2","status":"publish","type":"product","link":"https:\/\/catequesisdelbuenpastormexico.org\/usa\/product\/yo-soy-el-buen-pastor-album-3-2\/","title":{"rendered":"\u00c1lbum 3 \u00abYo soy el buen pastor\u00bb"},"content":{"rendered":"","protected":false},"excerpt":{"rendered":"<p>Cuadernos de trabajo para los ni\u00f1os, siguen el a\u00f1o lit\u00fargico y est\u00e1n centrados sobre los acontecimientos de Navidad \u2013 Epifan\u00eda y Pascua \u2013 Pentecost\u00e9s.<\/p>\n<p>Formaci\u00f3n a la vida cristiana que se nutre especialmente a trav\u00e9s de la liturgia. Conocimiento profundo de la Misa.<\/p>\n","protected":false},"featured_media":276,"comment_status":"open","ping_status":"closed","template":"","meta":[],"product_brand":[],"product_cat":[26],"product_tag":[],"class_list":{"0":"post-639","1":"product","2":"type-product","3":"status-publish","4":"has-post-thumbnail","6":"product_cat-usa","8":"first","9":"instock","10":"shipping-taxable","11":"purchasable","12":"product-type-simple"},"_links":{"self":[{"href":"https:\/\/catequesisdelbuenpastormexico.org\/usa\/wp-json\/wp\/v2\/product\/639","targetHints":{"allow":["GET"]}}],"collection":[{"href":"https:\/\/catequesisdelbuenpastormexico.org\/usa\/wp-json\/wp\/v2\/product"}],"about":[{"href":"https:\/\/catequesisdelbuenpastormexico.org\/usa\/wp-json\/wp\/v2\/types\/product"}],"replies":[{"embeddable":true,"href":"https:\/\/catequesisdelbuenpastormexico.org\/usa\/wp-json\/wp\/v2\/comments?post=639"}],"wp:featuredmedia":[{"embeddable":true,"href":"https:\/\/catequesisdelbuenpastormexico.org\/usa\/wp-json\/wp\/v2\/media\/276"}],"wp:attachment":[{"href":"https:\/\/catequesisdelbuenpastormexico.org\/usa\/wp-json\/wp\/v2\/media?parent=639"}],"wp:term":[{"taxonomy":"product_brand","embeddable":true,"href":"https:\/\/catequesisdelbuenpastormexico.org\/usa\/wp-json\/wp\/v2\/product_brand?post=639"},{"taxonomy":"product_cat","embeddable":true,"href":"https:\/\/catequesisdelbuenpastormexico.org\/usa\/wp-json\/wp\/v2\/product_cat?post=639"},{"taxonomy":"product_tag","embeddable":true,"href":"https:\/\/catequesisdelbuenpastormexico.org\/usa\/wp-json\/wp\/v2\/product_tag?post=639"}],"curies":[{"name":"wp","href":"https:\/\/api.w.org\/{rel}","templated":true}]}}