{"id":636,"date":"2026-02-12T16:41:52","date_gmt":"2026-02-12T16:41:52","guid":{"rendered":"https:\/\/catequesisdelbuenpastormexico.org\/usa\/?post_type=product&#038;p=636"},"modified":"2026-04-21T19:43:37","modified_gmt":"2026-04-21T19:43:37","slug":"yo-soy-el-buen-pastor-guia-5-copia","status":"publish","type":"product","link":"https:\/\/catequesisdelbuenpastormexico.org\/usa\/product\/yo-soy-el-buen-pastor-guia-5-copia\/","title":{"rendered":"Gu\u00eda 5 \u00abYo soy el buen pastor\u00bb"},"content":{"rendered":"<p class=\"p1\"><span class=\"s1\">Gu\u00edas \u201cYo soy el Buen Pastor\u201d: <\/span>una ayuda inmediata para las presentaciones de los ni\u00f1os en la modalidad de \u00c1lbum, un enriquecimiento personal para los catequistas. De venta exclusivamente para catequistas certificados por la Organizaci\u00f3n Nacional de la Catequesis del Buen Pastor M\u00e9xico.<\/p>\n","protected":false},"excerpt":{"rendered":"<div class=\"o_wsale_product_details_content_section o_wsale_product_details_content_section_title \">\n<div class=\"oe_structure mb-3 text-muted\">\n<p>Este volumen est\u00e1 constituido tambi\u00e9n por la Historia del Reino de Dios o Historia Sagrada deteni\u00e9ndose en momentos de gran importancia: la historia de Abraham, el \u00e9xodo de Egipto y el nacimiento del pueblo de Israel como pueblo libre; en la importancia de s\u00ed mismos y en la resonancia espiritual que pueden tener en nosotros.<\/p>\n<\/div>\n<\/div>\n","protected":false},"featured_media":323,"comment_status":"open","ping_status":"closed","template":"","meta":[],"product_brand":[],"product_cat":[26],"product_tag":[],"class_list":{"0":"post-636","1":"product","2":"type-product","3":"status-publish","4":"has-post-thumbnail","6":"product_cat-usa","8":"first","9":"instock","10":"shipping-taxable","11":"purchasable","12":"product-type-simple"},"_links":{"self":[{"href":"https:\/\/catequesisdelbuenpastormexico.org\/usa\/wp-json\/wp\/v2\/product\/636","targetHints":{"allow":["GET"]}}],"collection":[{"href":"https:\/\/catequesisdelbuenpastormexico.org\/usa\/wp-json\/wp\/v2\/product"}],"about":[{"href":"https:\/\/catequesisdelbuenpastormexico.org\/usa\/wp-json\/wp\/v2\/types\/product"}],"replies":[{"embeddable":true,"href":"https:\/\/catequesisdelbuenpastormexico.org\/usa\/wp-json\/wp\/v2\/comments?post=636"}],"wp:featuredmedia":[{"embeddable":true,"href":"https:\/\/catequesisdelbuenpastormexico.org\/usa\/wp-json\/wp\/v2\/media\/323"}],"wp:attachment":[{"href":"https:\/\/catequesisdelbuenpastormexico.org\/usa\/wp-json\/wp\/v2\/media?parent=636"}],"wp:term":[{"taxonomy":"product_brand","embeddable":true,"href":"https:\/\/catequesisdelbuenpastormexico.org\/usa\/wp-json\/wp\/v2\/product_brand?post=636"},{"taxonomy":"product_cat","embeddable":true,"href":"https:\/\/catequesisdelbuenpastormexico.org\/usa\/wp-json\/wp\/v2\/product_cat?post=636"},{"taxonomy":"product_tag","embeddable":true,"href":"https:\/\/catequesisdelbuenpastormexico.org\/usa\/wp-json\/wp\/v2\/product_tag?post=636"}],"curies":[{"name":"wp","href":"https:\/\/api.w.org\/{rel}","templated":true}]}}