{"id":631,"date":"2026-02-12T16:33:29","date_gmt":"2026-02-12T16:33:29","guid":{"rendered":"https:\/\/catequesisdelbuenpastormexico.org\/usa\/?post_type=product&#038;p=631"},"modified":"2026-04-14T17:26:37","modified_gmt":"2026-04-14T17:26:37","slug":"la-historia-del-reino-de-dios-vol-1-2","status":"publish","type":"product","link":"https:\/\/catequesisdelbuenpastormexico.org\/usa\/product\/la-historia-del-reino-de-dios-vol-1-2\/","title":{"rendered":"La Historia del Reino de Dios \u2013 Vol. 1"},"content":{"rendered":"","protected":false},"excerpt":{"rendered":"<div class=\"o_wsale_product_details_content_section o_wsale_product_details_content_section_title \">\n<div class=\"oe_structure mb-3 text-muted\">\n<p>Este volumen quiere ofrecer al lector claves para la lectura del texto b\u00edblico del Antiguo Testamento y del Nuevo Testamento mediante un m\u00e9todo que lo acompa\u00f1e y lo sostenga durante la lectura de un texto que contiene la Palabra de Dios, que est\u00e1 m\u00e1s all\u00e1 del tiempo, y que, nos es presentado a trav\u00e9s de las estructuras culturales del pueblo de Israel.<\/p>\n<\/div>\n<\/div>\n","protected":false},"featured_media":885,"comment_status":"open","ping_status":"closed","template":"","meta":[],"product_brand":[],"product_cat":[26],"product_tag":[],"class_list":{"0":"post-631","1":"product","2":"type-product","3":"status-publish","4":"has-post-thumbnail","6":"product_cat-usa","8":"first","9":"instock","10":"shipping-taxable","11":"purchasable","12":"product-type-simple"},"_links":{"self":[{"href":"https:\/\/catequesisdelbuenpastormexico.org\/usa\/wp-json\/wp\/v2\/product\/631","targetHints":{"allow":["GET"]}}],"collection":[{"href":"https:\/\/catequesisdelbuenpastormexico.org\/usa\/wp-json\/wp\/v2\/product"}],"about":[{"href":"https:\/\/catequesisdelbuenpastormexico.org\/usa\/wp-json\/wp\/v2\/types\/product"}],"replies":[{"embeddable":true,"href":"https:\/\/catequesisdelbuenpastormexico.org\/usa\/wp-json\/wp\/v2\/comments?post=631"}],"wp:featuredmedia":[{"embeddable":true,"href":"https:\/\/catequesisdelbuenpastormexico.org\/usa\/wp-json\/wp\/v2\/media\/885"}],"wp:attachment":[{"href":"https:\/\/catequesisdelbuenpastormexico.org\/usa\/wp-json\/wp\/v2\/media?parent=631"}],"wp:term":[{"taxonomy":"product_brand","embeddable":true,"href":"https:\/\/catequesisdelbuenpastormexico.org\/usa\/wp-json\/wp\/v2\/product_brand?post=631"},{"taxonomy":"product_cat","embeddable":true,"href":"https:\/\/catequesisdelbuenpastormexico.org\/usa\/wp-json\/wp\/v2\/product_cat?post=631"},{"taxonomy":"product_tag","embeddable":true,"href":"https:\/\/catequesisdelbuenpastormexico.org\/usa\/wp-json\/wp\/v2\/product_tag?post=631"}],"curies":[{"name":"wp","href":"https:\/\/api.w.org\/{rel}","templated":true}]}}