{"id":629,"date":"2026-02-12T16:36:57","date_gmt":"2026-02-12T16:36:57","guid":{"rendered":"https:\/\/catequesisdelbuenpastormexico.org\/usa\/?post_type=product&#038;p=629"},"modified":"2026-04-14T17:26:15","modified_gmt":"2026-04-14T17:26:15","slug":"memorias-del-76-2","status":"publish","type":"product","link":"https:\/\/catequesisdelbuenpastormexico.org\/usa\/product\/memorias-del-76-2\/","title":{"rendered":"Memorias del 76"},"content":{"rendered":"","protected":false},"excerpt":{"rendered":"<div class=\"o_wsale_product_details_content_section o_wsale_product_details_content_section_title \">\n<div class=\"oe_structure mb-3 text-muted\">\n<p>Transcripci\u00f3n de las memorias del primer curso impartido en 1976 por Sof\u00eda Cavalleti en la Ciudad de M\u00e9xico.<\/p>\n<\/div>\n<\/div>\n","protected":false},"featured_media":338,"comment_status":"open","ping_status":"closed","template":"","meta":[],"product_brand":[],"product_cat":[26],"product_tag":[],"class_list":{"0":"post-629","1":"product","2":"type-product","3":"status-publish","4":"has-post-thumbnail","6":"product_cat-usa","8":"first","9":"instock","10":"shipping-taxable","11":"purchasable","12":"product-type-simple"},"_links":{"self":[{"href":"https:\/\/catequesisdelbuenpastormexico.org\/usa\/wp-json\/wp\/v2\/product\/629","targetHints":{"allow":["GET"]}}],"collection":[{"href":"https:\/\/catequesisdelbuenpastormexico.org\/usa\/wp-json\/wp\/v2\/product"}],"about":[{"href":"https:\/\/catequesisdelbuenpastormexico.org\/usa\/wp-json\/wp\/v2\/types\/product"}],"replies":[{"embeddable":true,"href":"https:\/\/catequesisdelbuenpastormexico.org\/usa\/wp-json\/wp\/v2\/comments?post=629"}],"wp:featuredmedia":[{"embeddable":true,"href":"https:\/\/catequesisdelbuenpastormexico.org\/usa\/wp-json\/wp\/v2\/media\/338"}],"wp:attachment":[{"href":"https:\/\/catequesisdelbuenpastormexico.org\/usa\/wp-json\/wp\/v2\/media?parent=629"}],"wp:term":[{"taxonomy":"product_brand","embeddable":true,"href":"https:\/\/catequesisdelbuenpastormexico.org\/usa\/wp-json\/wp\/v2\/product_brand?post=629"},{"taxonomy":"product_cat","embeddable":true,"href":"https:\/\/catequesisdelbuenpastormexico.org\/usa\/wp-json\/wp\/v2\/product_cat?post=629"},{"taxonomy":"product_tag","embeddable":true,"href":"https:\/\/catequesisdelbuenpastormexico.org\/usa\/wp-json\/wp\/v2\/product_tag?post=629"}],"curies":[{"name":"wp","href":"https:\/\/api.w.org\/{rel}","templated":true}]}}